{"id":279,"date":"2022-11-01T11:05:21","date_gmt":"2022-11-01T09:05:21","guid":{"rendered":"https:\/\/torreauto.fi\/startsida\/"},"modified":"2026-03-14T16:34:31","modified_gmt":"2026-03-14T14:34:31","slug":"startsida","status":"publish","type":"page","link":"https:\/\/torreauto.fi\/sv\/","title":{"rendered":"Startsida"},"content":{"rendered":"<p>[et_pb_section fb_built=\"1\" _builder_version=\"4.18.1\" _module_preset=\"default\" use_background_color_gradient=\"on\" background_color_gradient_stops=\"rgba(0,0,0,0.5) 0%|rgba(0,0,0,0.5) 100%\" background_color_gradient_overlays_image=\"on\" background_image=\"https:\/\/torreauto.fi\/wp-content\/uploads\/torreauto-etusivu-banneri.jpg\" custom_padding=\"||293px|||\" global_colors_info=\"{}\"][et_pb_row _builder_version=\"4.18.1\" _module_preset=\"default\" global_colors_info=\"{}\"][et_pb_column type=\"4_4\" _builder_version=\"4.18.1\" _module_preset=\"default\" global_colors_info=\"{}\"][et_pb_sidebar area=\"et_pb_widget_area_4\" _builder_version=\"4.27.4\" _module_preset=\"default\" global_colors_info=\"{}\"][\/et_pb_sidebar][\/et_pb_column][\/et_pb_row][\/et_pb_section][et_pb_section fb_built=\"1\" _builder_version=\"4.18.1\" _module_preset=\"default\" global_colors_info=\"{}\"][et_pb_row _builder_version=\"4.18.1\" _module_preset=\"default\" global_colors_info=\"{}\"][et_pb_column type=\"4_4\" _builder_version=\"4.18.1\" _module_preset=\"default\" global_colors_info=\"{}\"][et_pb_text _builder_version=\"4.18.1\" _module_preset=\"default\" text_orientation=\"center\" global_colors_info=\"{}\"]<\/p>\n<h1>Torreauto Nordic S.L.<\/h1>\n<p>[\/et_pb_text][et_pb_text _builder_version=\"4.19.0\" _module_preset=\"default\" text_orientation=\"center\" global_colors_info=\"{}\"]<\/p>\n<p>Torreauto Nordics S.L. \u00e4r ett biluthyrningsf\u00f6retag som \u00e4gs av finl\u00e4ndare p\u00e5 den spanska Costa Blanca, i omr\u00e5det av Torrevieja. Vi \u00e4r p\u00e5litliga operat\u00f6rer, v\u00e5ra priser inneh\u00e5ller inga dolda kostnader och du vet exakt vilken bil du f\u00e5r. Du kan \u00e4ven byta ut bilen mot en annan bil mitt i hyresperioden om du s\u00e5 \u00f6nskar, alltid i m\u00e5n av tillg\u00e5ng \u2013 beg\u00e4r offert!  <\/p>\n<p>Vi levererar olika typer av bilar till v\u00e5ra kunder till Alicantes flygplats eller till en \u00f6verenskommen plats.<\/p>\n<p>P\u00e5 flygplatsen m\u00f6ter v\u00e5r personal dig i ankomsthallen med en namnskylt.<\/p>\n<p>Bilen \u00f6verl\u00e4mnas alltid personligen av en finsk person.<\/p>\n<p>&nbsp;<\/p>\n<p>[\/et_pb_text][\/et_pb_column][\/et_pb_row][\/et_pb_section][et_pb_section fb_built=\"1\" _builder_version=\"4.19.0\" _module_preset=\"default\" use_background_color_gradient=\"on\" background_color_gradient_direction=\"90deg\" background_color_gradient_stops=\"#e02b20 0%|#d6481d 100%\" global_colors_info=\"{}\"][et_pb_row column_structure=\"1_4,1_4,1_4,1_4\" _builder_version=\"4.18.1\" _module_preset=\"default\" global_colors_info=\"{}\"][et_pb_column type=\"1_4\" _builder_version=\"4.18.1\" _module_preset=\"default\" global_colors_info=\"{}\"][et_pb_blurb title=\"P\u00c5LITLIG OCH TRYGG\" image=\"https:\/\/torreauto.fi\/wp-content\/uploads\/trust-torreauto-white.svg\" image_icon_width_tablet=\"\" image_icon_width_phone=\"\" image_icon_width_last_edited=\"on|desktop\" _builder_version=\"4.19.0\" _module_preset=\"default\" text_orientation=\"center\" background_layout=\"dark\" max_width=\"350px\" global_colors_info=\"{}\"]<\/p>\n<p>\u00c4gs av finl\u00e4ndare.<\/p>\n<p>Finsk personal.<\/p>\n<p>Personlig leverans av bilen.<\/p>\n<p>[\/et_pb_blurb][\/et_pb_column][et_pb_column type=\"1_4\" _builder_version=\"4.18.1\" _module_preset=\"default\" global_colors_info=\"{}\"][et_pb_blurb title=\"INGA DOLDA KOSTNADER \" image=\"https:\/\/torreauto.fi\/wp-content\/uploads\/ei-piilokuluja.svg\" _builder_version=\"4.19.0\" _module_preset=\"default\" text_orientation=\"center\" background_layout=\"dark\" max_width=\"350px\" global_colors_info=\"{}\"]<\/p>\n<p>Du vet vad uthyrningen kostar och vad du f\u00e5r.<\/p>\n<p>Du kommer inte att f\u00e5 ov\u00e4ntade till\u00e4ggsr\u00e4kningar fr\u00e5n oss.<\/p>\n<p>Ha en bekymmersfri semester utan stress.<\/p>\n<p>[\/et_pb_blurb][\/et_pb_column][et_pb_column type=\"1_4\" _builder_version=\"4.19.0\" _module_preset=\"default\" global_colors_info=\"{}\"][et_pb_blurb title=\"FULLSKYDDSF\u00d6RS\u00c4KRING\" image=\"https:\/\/torreauto.fi\/wp-content\/uploads\/kasko-vakuutus.svg\" _builder_version=\"4.19.0\" _module_preset=\"default\" text_orientation=\"center\" background_layout=\"dark\" max_width=\"350px\" global_colors_info=\"{}\"]<\/p>\n<p>V\u00e5ra bilar har hyrbilsf\u00f6rs\u00e4kring.<\/p>\n<p>Den ers\u00e4tter n\u00e4stan alla skador.<\/p>\n<p>Sj\u00e4lvrisken \u00e4r 600 \u20ac.<\/p>\n<p>[\/et_pb_blurb][\/et_pb_column][et_pb_column type=\"1_4\" _builder_version=\"4.18.1\" _module_preset=\"default\" global_colors_info=\"{}\"][et_pb_blurb title=\"ENLIGT DITT SCHEMA\" image=\"https:\/\/torreauto.fi\/wp-content\/uploads\/timetable.svg\" _builder_version=\"4.19.0\" _module_preset=\"default\" text_orientation=\"center\" background_layout=\"dark\" max_width=\"350px\" global_colors_info=\"{}\"]<\/p>\n<p>Leverans och retur av bilar n\u00e4r som helst.<\/p>\n<p>Varf\u00f6r skulle du st\u00e5 i k\u00f6, eller om ditt flyg \u00e4r f\u00f6rsenat kanske du m\u00e4rker att uthyrningskontoret redan \u00e4r st\u00e4ngt?<\/p>\n<p>[\/et_pb_blurb][\/et_pb_column][\/et_pb_row][\/et_pb_section][et_pb_section fb_built=\"1\" _builder_version=\"4.18.1\" _module_preset=\"default\" global_colors_info=\"{}\"][et_pb_row _builder_version=\"4.18.1\" _module_preset=\"default\" global_colors_info=\"{}\"][et_pb_column type=\"4_4\" _builder_version=\"4.18.1\" _module_preset=\"default\" global_colors_info=\"{}\"][et_pb_text _builder_version=\"4.19.0\" _module_preset=\"default\" text_orientation=\"center\" global_colors_info=\"{}\"]<\/p>\n<h1>F\u00f6rs\u00e4kring<\/h1>\n<p>[\/et_pb_text][et_pb_text _builder_version=\"4.19.0\" _module_preset=\"default\" text_orientation=\"center\" global_colors_info=\"{}\"]<\/p>\n<p>Bilarna har alltid hyrbilsf\u00f6rs\u00e4kring, som t\u00e4cker n\u00e4stan alla skador.<\/p>\n<p>Om personen som hyr bilen orsakar skada \u00e4r sj\u00e4lvrisken 500 \u20ac.<\/p>\n<p>F\u00f6rs\u00e4kringen t\u00e4cker inte b\u00f6ter, borttappade nycklar, tankning med fel br\u00e4nsle, slarvigt agerande eller likgiltighet, skador gjorda i f\u00f6rvirrat tillst\u00e5nd eller skador p\u00e5 d\u00e4ck och f\u00e4lgar.<\/p>\n<p>&nbsp;<\/p>\n<p>[\/et_pb_text][\/et_pb_column][\/et_pb_row][et_pb_row _builder_version=\"4.18.1\" _module_preset=\"default\" global_colors_info=\"{}\"][et_pb_column type=\"4_4\" _builder_version=\"4.18.1\" _module_preset=\"default\" global_colors_info=\"{}\"][et_pb_text _builder_version=\"4.19.0\" _module_preset=\"default\" text_orientation=\"center\" global_colors_info=\"{}\"]<\/p>\n<h1>\u00d6vrigt<\/h1>\n<p>[\/et_pb_text][et_pb_text _builder_version=\"4.19.0\" _module_preset=\"default\" text_orientation=\"center\" global_colors_info=\"{}\"]<\/p>\n<p>Du f\u00e5r alltid st\u00f6d av \"24h n\u00f6dtj\u00e4nsten\", som hj\u00e4lper dig p\u00e5 finska i alla problemsituationer.<\/p>\n<p>P\u00e5 v\u00e5r hemsida kan du hitta tips p\u00e5 trevliga resm\u00e5l som \u00e4r v\u00e4rda att bes\u00f6ka.<\/p>\n<p>Betalda till\u00e4ggstj\u00e4nster inkluderar \u00f6verl\u00e4mning eller retur p\u00e5 flygplatsen (30 \u20ac), sen \u00f6verl\u00e4mning eller retur kl. 22-07 (50 \u20ac), extra f\u00f6rare f\u00f6r bilen (25 \u20ac\/person), ISOFIX-barnstol 0-36 kg (40 \u20ac\/styck), sittplats podium (10\u20ac\/styck) och GPS-navigator (30 \u20ac).<\/p>\n<p>[\/et_pb_text][\/et_pb_column][\/et_pb_row][\/et_pb_section]<\/p>\n","protected":false},"excerpt":{"rendered":"<p>Torreauto Nordic S.L.Torreauto Nordics S.L. \u00e4r ett biluthyrningsf\u00f6retag som \u00e4gs av finl\u00e4ndare p\u00e5 den spanska Costa Blanca, i omr\u00e5det av Torrevieja. Vi \u00e4r p\u00e5litliga operat\u00f6rer, v\u00e5ra priser inneh\u00e5ller inga dolda kostnader och du vet exakt vilken bil du f\u00e5r. Du kan \u00e4ven byta ut bilen mot en annan bil mitt i hyresperioden om du s\u00e5 [&hellip;]<\/p>\n","protected":false},"author":1,"featured_media":0,"parent":0,"menu_order":0,"comment_status":"closed","ping_status":"closed","template":"","meta":{"_et_pb_use_builder":"on","_et_pb_old_content":"","_et_gb_content_width":"","inline_featured_image":false,"footnotes":""},"class_list":["post-279","page","type-page","status-publish","hentry"],"_links":{"self":[{"href":"https:\/\/torreauto.fi\/sv\/wp-json\/wp\/v2\/pages\/279","targetHints":{"allow":["GET"]}}],"collection":[{"href":"https:\/\/torreauto.fi\/sv\/wp-json\/wp\/v2\/pages"}],"about":[{"href":"https:\/\/torreauto.fi\/sv\/wp-json\/wp\/v2\/types\/page"}],"author":[{"embeddable":true,"href":"https:\/\/torreauto.fi\/sv\/wp-json\/wp\/v2\/users\/1"}],"replies":[{"embeddable":true,"href":"https:\/\/torreauto.fi\/sv\/wp-json\/wp\/v2\/comments?post=279"}],"version-history":[{"count":8,"href":"https:\/\/torreauto.fi\/sv\/wp-json\/wp\/v2\/pages\/279\/revisions"}],"predecessor-version":[{"id":618,"href":"https:\/\/torreauto.fi\/sv\/wp-json\/wp\/v2\/pages\/279\/revisions\/618"}],"wp:attachment":[{"href":"https:\/\/torreauto.fi\/sv\/wp-json\/wp\/v2\/media?parent=279"}],"curies":[{"name":"wp","href":"https:\/\/api.w.org\/{rel}","templated":true}]}}