{"id":281,"date":"2022-11-07T14:15:32","date_gmt":"2022-11-07T12:15:32","guid":{"rendered":"https:\/\/torreauto.fi\/kontaktinformation\/"},"modified":"2026-03-14T16:35:00","modified_gmt":"2026-03-14T14:35:00","slug":"kontaktinformation","status":"publish","type":"page","link":"https:\/\/torreauto.fi\/sv\/kontaktinformation\/","title":{"rendered":"Kontaktinformation"},"content":{"rendered":"<p>[et_pb_section fb_built=\"1\" module_class=\"ylaboxi\" _builder_version=\"4.19.0\" _module_preset=\"default\" background_image=\"https:\/\/torreauto.fi\/wp-content\/uploads\/torreauto-yhteystiedot.png\" global_colors_info=\"{}\"][et_pb_row _builder_version=\"4.19.0\" _module_preset=\"default\" global_colors_info=\"{}\"][et_pb_column type=\"4_4\" _builder_version=\"4.19.0\" _module_preset=\"default\" global_colors_info=\"{}\"][et_pb_text module_class=\"ylavalkoinen\" _builder_version=\"4.19.0\" _module_preset=\"default\" global_colors_info=\"{}\"]<span class=\"ylavalkoinen\">Kontaktinformation<\/span>[\/et_pb_text][\/et_pb_column][\/et_pb_row][\/et_pb_section][et_pb_section fb_built=\"1\" _builder_version=\"4.19.0\" _module_preset=\"default\" global_colors_info=\"{}\"][et_pb_row _builder_version=\"4.19.0\" _module_preset=\"default\" global_colors_info=\"{}\"][et_pb_column type=\"4_4\" _builder_version=\"4.19.0\" _module_preset=\"default\" global_colors_info=\"{}\"][et_pb_text _builder_version=\"4.19.0\" _module_preset=\"default\" global_colors_info=\"{}\"]<\/p>\n<h1 style=\"text-align: center;\">Personer<\/h1>\n<p>[\/et_pb_text][\/et_pb_column][\/et_pb_row][et_pb_row column_structure=\"1_3,1_3,1_3\" _builder_version=\"4.19.0\" _module_preset=\"default\" saved_tabs=\"all\" global_colors_info=\"{}\"][et_pb_column type=\"1_3\" _builder_version=\"4.19.0\" _module_preset=\"default\" global_colors_info=\"{}\"][et_pb_team_member name=\"Jonna Saarinen\" image_url=\"https:\/\/torreauto.fi\/wp-content\/uploads\/Jonna-Saarinen-torreauto.jpg\" _builder_version=\"4.27.4\" _module_preset=\"default\" header_level=\"h2\" text_orientation=\"center\" border_radii_image=\"on|50%|50%|50%|50%\" border_width_all_image=\"5px\" border_color_all_image=\"#AA151B\" box_shadow_style_image=\"preset3\" global_colors_info=\"{}\"]<\/p>\n<p>F\u00f6rs\u00e4ljning och fakturering<\/p>\n<p><span><a href=\"tel:+358 41 718 3694\"><span id=\"et-info-phone\"> +358 41 366 7222<\/span><\/a><\/span><\/p>\n<p><a href=\"mailto:rent@torreauto.fi\"><span id=\"et-info-email\">rent@torreauto.fi<\/span><\/a><\/p>\n<p>[\/et_pb_team_member][et_pb_team_member name=\"Kirsi Palosaari\" image_url=\"https:\/\/torreauto.fi\/wp-content\/uploads\/Kirsi-Palosaari-torreauto.jpg\" disabled_on=\"on|on|on\" _builder_version=\"4.27.4\" _module_preset=\"default\" header_level=\"h2\" text_orientation=\"center\" border_radii_image=\"on|50%|50%|50%|50%\" border_width_all_image=\"5px\" border_color_all_image=\"#AA151B\" box_shadow_style_image=\"preset3\" disabled=\"on\" global_colors_info=\"{}\"]F\u00f6rs\u00e4ljning och fakturering<\/p>\n<p><span><a href=\"tel:+358 41 718 3694\"><span id=\"et-info-phone\">  +358 41 718 3694<\/span><\/a><\/span><\/p>\n<p><a href=\"mailto:rent@torreauto.fi\"><span id=\"et-info-email\">rent@torreauto.fi<\/span><\/a><\/p>\n<p>[\/et_pb_team_member][et_pb_team_member name=\"Marko Pulkkinen\" image_url=\"https:\/\/torreauto.fi\/wp-content\/uploads\/marko-500px.png\" _builder_version=\"4.27.4\" _module_preset=\"default\" header_level=\"h2\" text_orientation=\"center\" border_radii_image=\"on|50%|50%|50%|50%\" border_width_all_image=\"5px\" border_color_all_image=\"#AA151B\" box_shadow_style_image=\"preset3\" global_colors_info=\"{}\"]Administration <\/p>\n<p><span><a href=\"tel:+358%2040%20560%207755%20\"><span id=\"et-info-phone\">+358 40 560 7755  <\/span><\/a><\/span><\/p>\n<p><a href=\"mailto:rent@torreauto.fi\"><span id=\"et-info-email\">rent@torreauto.fi<\/span><\/a>[\/et_pb_team_member][\/et_pb_column][et_pb_column type=\"1_3\" _builder_version=\"4.19.0\" _module_preset=\"default\" global_colors_info=\"{}\"][et_pb_team_member name=\"Markku Palosaari\" image_url=\"https:\/\/torreauto.fi\/wp-content\/uploads\/Marko-Palosaari-torreauto.jpg\" _builder_version=\"4.27.0\" _module_preset=\"default\" header_level=\"h2\" text_orientation=\"center\" border_radii_image=\"on|50%|50%|50%|50%\" border_width_all_image=\"5px\" border_color_all_image=\"#AA151B\" box_shadow_style_image=\"preset3\" global_colors_info=\"{}\"]<\/p>\n<p>Disposition<\/p>\n<p><span><a href=\"tel:%20+358%20500%20566%20216\"><span id=\"et-info-phone\">  +358 500 566 216<\/span><\/a><\/span><\/p>\n<p><a href=\"mailto:rent@torreauto.fi\"><span id=\"et-info-email\">rent@torreauto.fi<\/span><\/a><\/p>\n<p>[\/et_pb_team_member][et_pb_team_member name=\"Satu Pulkkinen\" image_url=\"https:\/\/torreauto.fi\/wp-content\/uploads\/satu-500px.png\" _builder_version=\"4.27.0\" _module_preset=\"default\" header_level=\"h2\" text_orientation=\"center\" border_radii_image=\"on|50%|50%|50%|50%\" border_width_all_image=\"5px\" border_color_all_image=\"#AA151B\" box_shadow_style_image=\"preset3\" global_colors_info=\"{}\"]Verkst\u00e4llande direkt\u00f6r<\/p>\n<p><span><a href=\"tel:%20+358%2040%20560%207755\"><span id=\"et-info-phone\">+358 40 560 7755<\/span><\/a><\/span><\/p>\n<p><a href=\"mailto:rent@torreauto.fi\"><span id=\"et-info-email\">rent@torreauto.fi<\/span><\/a>[\/et_pb_team_member][\/et_pb_column][et_pb_column type=\"1_3\" _builder_version=\"4.19.0\" _module_preset=\"default\" global_colors_info=\"{}\"][et_pb_team_member name=\"Sebastian Ljungqvist\" image_url=\"https:\/\/torreauto.fi\/wp-content\/uploads\/Sebastian-Ljungqvist-torreauto.jpg\" _builder_version=\"4.27.0\" _module_preset=\"default\" header_level=\"h2\" text_orientation=\"center\" border_radii_image=\"on|50%|50%|50%|50%\" border_width_all_image=\"5px\" border_color_all_image=\"#AA151B\" box_shadow_style_image=\"preset3\" global_colors_info=\"{}\"]<\/p>\n<p>Disposition och underh\u00e5ll<\/p>\n<p><span><a href=\"tel:%20+358%20400%20554%20414%20\"><span id=\"et-info-phone\">  +358 400 554 414  <\/span><\/a><\/span><\/p>\n<p><a href=\"mailto:rent@torreauto.fi\"><span id=\"et-info-email\">rent@torreauto.fi<\/span><\/a><\/p>\n<p>[\/et_pb_team_member][\/et_pb_column][\/et_pb_row][\/et_pb_section]<\/p>\n","protected":false},"excerpt":{"rendered":"<p>KontaktinformationPersonerF\u00f6rs\u00e4ljning och fakturering +358 41 366 7222 rent@torreauto.fiF\u00f6rs\u00e4ljning och fakturering +358 41 718 3694 rent@torreauto.fiAdministration +358 40 560 7755 rent@torreauto.fiDisposition +358 500 566 216 rent@torreauto.fiVerkst\u00e4llande direkt\u00f6r +358 40 560 7755 rent@torreauto.fiDisposition och underh\u00e5ll +358 400 554 414 rent@torreauto.fi<\/p>\n","protected":false},"author":1,"featured_media":0,"parent":0,"menu_order":0,"comment_status":"closed","ping_status":"closed","template":"","meta":{"_et_pb_use_builder":"on","_et_pb_old_content":"","_et_gb_content_width":"","inline_featured_image":false,"footnotes":""},"class_list":["post-281","page","type-page","status-publish","hentry"],"_links":{"self":[{"href":"https:\/\/torreauto.fi\/sv\/wp-json\/wp\/v2\/pages\/281","targetHints":{"allow":["GET"]}}],"collection":[{"href":"https:\/\/torreauto.fi\/sv\/wp-json\/wp\/v2\/pages"}],"about":[{"href":"https:\/\/torreauto.fi\/sv\/wp-json\/wp\/v2\/types\/page"}],"author":[{"embeddable":true,"href":"https:\/\/torreauto.fi\/sv\/wp-json\/wp\/v2\/users\/1"}],"replies":[{"embeddable":true,"href":"https:\/\/torreauto.fi\/sv\/wp-json\/wp\/v2\/comments?post=281"}],"version-history":[{"count":8,"href":"https:\/\/torreauto.fi\/sv\/wp-json\/wp\/v2\/pages\/281\/revisions"}],"predecessor-version":[{"id":619,"href":"https:\/\/torreauto.fi\/sv\/wp-json\/wp\/v2\/pages\/281\/revisions\/619"}],"wp:attachment":[{"href":"https:\/\/torreauto.fi\/sv\/wp-json\/wp\/v2\/media?parent=281"}],"curies":[{"name":"wp","href":"https:\/\/api.w.org\/{rel}","templated":true}]}}