{"id":285,"date":"2022-11-10T19:48:30","date_gmt":"2022-11-10T17:48:30","guid":{"rendered":"https:\/\/torreauto.fi\/resmal\/"},"modified":"2024-07-23T22:41:09","modified_gmt":"2024-07-23T19:41:09","slug":"resmal","status":"publish","type":"page","link":"https:\/\/torreauto.fi\/sv\/resmal\/","title":{"rendered":"Resm\u00e5l"},"content":{"rendered":"<p>[et_pb_section fb_built=\"1\" module_class=\"ylaboxi\" _builder_version=\"4.19.0\" _module_preset=\"default\" background_image=\"https:\/\/torreauto.fi\/wp-content\/uploads\/torreauto-retki-banner.png\" global_colors_info=\"{}\"][et_pb_row _builder_version=\"4.19.0\" _module_preset=\"default\" global_colors_info=\"{}\"][et_pb_column type=\"4_4\" _builder_version=\"4.19.0\" _module_preset=\"default\" global_colors_info=\"{}\"][et_pb_text module_class=\"ylavalkoinen\" _builder_version=\"4.19.0\" _module_preset=\"default\" global_colors_info=\"{}\"]<\/p>\n<p><span class=\"ylavalkoinen\">Resm\u00e5l topp 25<\/span><\/p>\n<p>[\/et_pb_text][\/et_pb_column][\/et_pb_row][\/et_pb_section][et_pb_section fb_built=\"1\" _builder_version=\"4.19.0\" _module_preset=\"default\" global_colors_info=\"{}\"][et_pb_row _builder_version=\"4.19.0\" _module_preset=\"default\" global_colors_info=\"{}\"][et_pb_column type=\"4_4\" _builder_version=\"4.19.0\" _module_preset=\"default\" global_colors_info=\"{}\"][et_pb_text _builder_version=\"4.19.0\" _module_preset=\"default\" global_colors_info=\"{}\"]<\/p>\n<h4><em>Avst\u00e5nd ber\u00e4knat fr\u00e5n Torrevieja<\/em><\/h4>\n<p>&nbsp;<\/p>\n<h4><strong>Spanska marknaden kl. 9.00-14.00<\/strong><\/h4>\n<p>Fredag: Avenida Delfina Viudes, Torrevieja (3 km)<br \/>L\u00f6rdag: Calle Nicol\u00e1s de Bussi, Orihuela Costa (10 km)<br \/>S\u00f6ndag: Lemon Tree Market, Guardamar del Segura (12 km)<\/p>\n<h4>Karting t\u00e4vlingsk\u00f6rning (10 km)<\/h4>\n<p><a href=\"https:\/\/gokartsorihuelacosta.com\" target=\"_blank\" rel=\"noopener\">gokartsorihuelacosta.com<\/a><\/p>\n<p>&nbsp;<\/p>\n<h4>La Zenia Boulevard k\u00f6pcentrum (10 km)<\/h4>\n<p><a href=\"https:\/\/zeniaboulevard.es\/en\" target=\"_blank\" rel=\"noopener\">zeniaboulevard.es\/en<\/a><\/p>\n<p>&nbsp;<\/p>\n<h5>Greenlands minigolf, Los Montesinos (15 km)<\/h5>\n<p><a href=\"https:\/\/greenlandsgolfclub.com\/en\/home\" target=\"_blank\" rel=\"noopener\">greenlandsgolfclub.com\/en\/home<\/a><\/p>\n<h4><strong><\/strong><\/h4>\n<h4><strong><\/strong><\/h4>\n<h4><strong>Lo Rufete Adventure Park, San Miguel de Salinas<span>\u00a0<\/span><\/strong><strong>(18 km)<\/strong><\/h4>\n<p><span><strong><a href=\"https:\/\/lorufete.com\/en\/\">https:\/\/lorufete.com\/en\/<\/a><\/strong><\/span><\/p>\n<p><span><\/span><\/p>\n<h5>El Tendre fabrik f\u00f6r olivolja, Elche (35 km)<\/h5>\n<p><a href=\"https:\/\/mediterraneoessalud.com\/en\/home-english\" target=\"_blank\" rel=\"noopener\">mediterraneoessalud.com\/en\/home-english<\/a><\/p>\n<p>&nbsp;<\/p>\n<h5>Rio Safari Zoo, Elche (35 km)<\/h5>\n<p><a href=\"https:\/\/riosafari.com\" target=\"_blank\" rel=\"noopener\">riosafari.com<\/a><\/p>\n<p>&nbsp;<\/p>\n<h4>Tabarca \u00f6 (35 km, Santa Pola hamn)<\/h4>\n<p><a href=\"https:\/\/alicanteturismo.com\/castillo-de-santa-barbara\" target=\"_blank\" rel=\"noopener\">alicanteturismo.com\/en\/tabarca-island<\/a><\/p>\n<p>&nbsp;<\/p>\n<h5>Bodegas Faelo ving\u00e5rd, Elche (40 km)<\/h5>\n<p><a href=\"https:\/\/vinosladama.com\/en\" target=\"_blank\" rel=\"noopener\">vinosladama.com\/en<\/a><\/p>\n<p>&nbsp;<\/p>\n<h5>La Liga fotboll, Elche (40 km)<\/h5>\n<p><a href=\"https:\/\/elchecf.es\" target=\"_blank\" rel=\"noopener\">elchecf.es<\/a><\/p>\n<p>&nbsp;<\/p>\n<h5>Staden Elche (40 km)<\/h5>\n<p><a href=\"https:\/\/visitelche.com\" target=\"_blank\" rel=\"noopener\">visitelche.com<\/a><\/p>\n<p>&nbsp;<\/p>\n<p><strong>El Cau de Mariano Ros, klippskulpturer och m\u00e5lningar (48 km)<\/strong><\/p>\n<p><a href=\"https:\/\/visitelche.com\/\" target=\"_blank\" rel=\"noopener\">sendasyleyendas.com\/2016\/09\/el-cau-elche<\/a><\/p>\n<p>&nbsp;<\/p>\n<h5>Santa Barbaras slott, Alicante (55 km)<\/h5>\n<p><a href=\"https:\/\/alicanteturismo.com\/castillo-de-santa-barbara\" target=\"_blank\" rel=\"noopener\">alicanteturismo.com\/castillo-de-santa-barbara<\/a><\/p>\n<p>&nbsp;<\/p>\n<h5>Staden Alicante (55 km)<\/h5>\n<p><a href=\"https:\/\/alicanteturismo.com\/en\" target=\"_blank\" rel=\"noopener\">alicanteturismo.com\/en<\/a><\/p>\n<p>&nbsp;<\/p>\n<h5>Alicante Outlets, Alicante (60 km)<\/h5>\n<p><a href=\"https:\/\/theoutletstoresalicante.com\" target=\"_blank\" rel=\"noopener\">theoutletstoresalicante.com<\/a><\/p>\n<p>&nbsp;<\/p>\n<h5>Staden Cartagena (60 km)<\/h5>\n<p><a href=\"https:\/\/turismo.cartagena.es\/index.asp?idioma=2\" target=\"_blank\" rel=\"noopener\">turismo.cartagena.es\/index.asp?idioma=2<\/a><\/p>\n<p>&nbsp;<\/p>\n<h5>Liga ACB korgboll, Murcia (70 km)<\/h5>\n<p><a href=\"https:\/\/ucamdeportes.com\/ucamcb\" target=\"_blank\" rel=\"noopener\">ucamdeportes.com\/ucamcb<\/a><\/p>\n<p>&nbsp;<\/p>\n<h5>Staden Murcia (70 km)<\/h5>\n<p><a href=\"https:\/\/turismodemurcia.es\/en\" target=\"_blank\" rel=\"noopener\">turismodemurcia.es\/en<\/a><\/p>\n<p>&nbsp;<\/p>\n<h5>Terra Natura djurpark, Murcia (70 km)<\/h5>\n<p><a href=\"https:\/\/murcia.terranatura.com\/\" target=\"_blank\" rel=\"noopener\">murcia.terranatura.com\/en<\/a><\/p>\n<p>&nbsp;<\/p>\n<h4>Leana Balneario brunn (70 km)<\/h4>\n<p><a href=\"https:\/\/turismodemurcia.es\/en\" target=\"_blank\" rel=\"noopener\">leana.es<\/a><\/p>\n<p>&nbsp;<\/p>\n<h4>Balneario de Archena brunn (80 km)<\/h4>\n<p><a href=\"https:\/\/turismodemurcia.es\/en\" target=\"_blank\" rel=\"noopener\">balneariodearchena.com\/?lang=enturismodemurcia.es\/en<\/a><\/p>\n<p>&nbsp;<\/p>\n<h4>Las Cuevas del Canelobre droppsten grotta (80 km)<\/h4>\n<p><a href=\"https:\/\/turismodemurcia.es\/en\" target=\"_blank\" rel=\"noopener\">turismobusot.com\/que-ver\/las-cuevas-del-canelobre<\/a><\/p>\n<p>&nbsp;<\/p>\n<h5>La Manga Mar Menor (80 km)<\/h5>\n<p><a href=\"https:\/\/www.murciaturistica.es\/en\/la_manga\/\/\" target=\"_blank\" rel=\"noopener\">murciaturistica.es\/es\/la_manga<\/a><\/p>\n<p>&nbsp;<\/p>\n<h4>Terra Natura Zoo, Benidorm (100 km)<\/h4>\n<p><a href=\"https:\/\/murcia.terranatura.com\/\" target=\"_blank\" rel=\"noopener\">benidorm.terranatura.com\/en<\/a><\/p>\n<p>&nbsp;<\/p>\n<h5>Alteas gamla stadsdel, Altea (115 km)<\/h5>\n<p><a href=\"https:\/\/comunitatvalenciana.com\/en\/alacant-alicante\/altea\" target=\"_blank\" rel=\"noopener\">comunitatvalenciana.com\/en\/alacant-alicante\/altea<\/a><\/p>\n<p>&nbsp;<\/p>\n<h5>Guadalests slott (120 km)<\/h5>\n<p><a href=\"https:\/\/guadalest.es\/guadalest\/museo-casa-orduna\" target=\"_blank\" rel=\"noopener\">guadalest.es\/guadalest\/museo-casa-orduna<\/a><\/p>\n<p>&nbsp;<\/p>\n<h5>Algars vattenfall (130 km)<\/h5>\n<p><a href=\"https:\/\/lasfuentesdelalgar.com\/en\/home-english\" target=\"_blank\" rel=\"noopener\">lasfuentesdelalgar.com\/en\/home-english<\/a><\/p>\n<p>[\/et_pb_text][\/et_pb_column][\/et_pb_row][\/et_pb_section]<\/p>\n","protected":false},"excerpt":{"rendered":"<p>Resm\u00e5l topp 25Avst\u00e5nd ber\u00e4knat fr\u00e5n Torrevieja &nbsp; Spanska marknaden kl. 9.00-14.00 Fredag: Avenida Delfina Viudes, Torrevieja (3 km)L\u00f6rdag: Calle Nicol\u00e1s de Bussi, Orihuela Costa (10 km)S\u00f6ndag: Lemon Tree Market, Guardamar del Segura (12 km) Karting t\u00e4vlingsk\u00f6rning (10 km) gokartsorihuelacosta.com &nbsp; La Zenia Boulevard k\u00f6pcentrum (10 km) zeniaboulevard.es\/en &nbsp; Greenlands minigolf, Los Montesinos (15 km) greenlandsgolfclub.com\/en\/home [&hellip;]<\/p>\n","protected":false},"author":1,"featured_media":0,"parent":0,"menu_order":0,"comment_status":"closed","ping_status":"closed","template":"","meta":{"_et_pb_use_builder":"on","_et_pb_old_content":"","_et_gb_content_width":"","inline_featured_image":false,"footnotes":""},"class_list":["post-285","page","type-page","status-publish","hentry"],"_links":{"self":[{"href":"https:\/\/torreauto.fi\/sv\/wp-json\/wp\/v2\/pages\/285","targetHints":{"allow":["GET"]}}],"collection":[{"href":"https:\/\/torreauto.fi\/sv\/wp-json\/wp\/v2\/pages"}],"about":[{"href":"https:\/\/torreauto.fi\/sv\/wp-json\/wp\/v2\/types\/page"}],"author":[{"embeddable":true,"href":"https:\/\/torreauto.fi\/sv\/wp-json\/wp\/v2\/users\/1"}],"replies":[{"embeddable":true,"href":"https:\/\/torreauto.fi\/sv\/wp-json\/wp\/v2\/comments?post=285"}],"version-history":[{"count":1,"href":"https:\/\/torreauto.fi\/sv\/wp-json\/wp\/v2\/pages\/285\/revisions"}],"predecessor-version":[{"id":384,"href":"https:\/\/torreauto.fi\/sv\/wp-json\/wp\/v2\/pages\/285\/revisions\/384"}],"wp:attachment":[{"href":"https:\/\/torreauto.fi\/sv\/wp-json\/wp\/v2\/media?parent=285"}],"curies":[{"name":"wp","href":"https:\/\/api.w.org\/{rel}","templated":true}]}}