{"id":286,"date":"2022-11-07T14:14:50","date_gmt":"2022-11-07T12:14:50","guid":{"rendered":"https:\/\/torreauto.fi\/villkor\/"},"modified":"2026-03-14T16:39:06","modified_gmt":"2026-03-14T14:39:06","slug":"villkor","status":"publish","type":"page","link":"https:\/\/torreauto.fi\/sv\/villkor\/","title":{"rendered":"Villkor"},"content":{"rendered":"<p>[et_pb_section fb_built=\"1\" module_class=\"ylaboxi\" _builder_version=\"4.19.0\" _module_preset=\"default\" background_image=\"https:\/\/torreauto.fi\/wp-content\/uploads\/torreauto-contract.png\" global_colors_info=\"{}\"][et_pb_row _builder_version=\"4.19.0\" _module_preset=\"default\" global_colors_info=\"{}\"][et_pb_column type=\"4_4\" _builder_version=\"4.19.0\" _module_preset=\"default\" global_colors_info=\"{}\"][et_pb_text module_class=\"ylavalkoinen\" _builder_version=\"4.19.0\" _module_preset=\"default\" global_colors_info=\"{}\"]<span class=\"ylavalkoinen\">Villkor<\/span>[\/et_pb_text][\/et_pb_column][\/et_pb_row][\/et_pb_section][et_pb_section fb_built=\"1\" _builder_version=\"4.19.0\" _module_preset=\"default\" global_colors_info=\"{}\"][et_pb_row column_structure=\"1_2,1_2\" _builder_version=\"4.19.0\" _module_preset=\"default\" global_colors_info=\"{}\"][et_pb_column type=\"1_2\" _builder_version=\"4.19.0\" _module_preset=\"default\" global_colors_info=\"{}\"][et_pb_text _builder_version=\"4.19.0\" _module_preset=\"default\" global_colors_info=\"{}\"]<\/p>\n<h3>Torreauto Nordic S.L.<\/h3>\n<p>Calle Pablo Picasso 5<br \/>Urb. Flamenca Village<br \/>03189 Orihuela Costa (Alicante)<br \/>Spanien<\/p>\n<p>[\/et_pb_text][\/et_pb_column][et_pb_column type=\"1_2\" _builder_version=\"4.19.0\" _module_preset=\"default\" global_colors_info=\"{}\"][et_pb_text _builder_version=\"4.19.0\" _module_preset=\"default\" custom_padding=\"2px|||||\" global_colors_info=\"{}\"]<\/p>\n<h3>Jonna Saarinen<\/h3>\n<p>Mobile\/Whatsapp. +358 41 366 7222<br \/>www.torreauto.fi<br \/>rent@torreauto.fi<\/p>\n<p>[\/et_pb_text][\/et_pb_column][\/et_pb_row][et_pb_row _builder_version=\"4.19.0\" _module_preset=\"default\" global_colors_info=\"{}\"][et_pb_column type=\"4_4\" _builder_version=\"4.19.0\" _module_preset=\"default\" global_colors_info=\"{}\"][et_pb_text _builder_version=\"4.19.0\" _module_preset=\"default\" global_colors_info=\"{}\"]<\/p>\n<h1>ALLM\u00c4NNA HYRESVILLKOR<\/h1>\n<p>[\/et_pb_text][et_pb_accordion closed_toggle_background_color=\"#FFFFFF\" icon_color=\"#AA151B\" use_icon_font_size=\"on\" icon_font_size=\"26px\" _builder_version=\"4.19.0\" _module_preset=\"default\" toggle_text_color=\"#1d1d1b\" border_width_all=\"4px\" border_color_all=\"#AA151B\" global_colors_info=\"{}\"][et_pb_accordion_item title=\"1. Anv\u00e4ndning av bilen\" open=\"on\" _builder_version=\"4.19.0\" _module_preset=\"default\" global_colors_info=\"{}\"]<\/p>\n<p>a) Hyrestagaren \u00e4r skyldig att ta hand om bilen och iaktta s\u00e4rskild f\u00f6rsiktighet och f\u00f6rsiktighet vid k\u00f6rning. Hyrestagaren f\u00f6rbinder sig att anv\u00e4nda bilen endast p\u00e5 det sedvanliga s\u00e4tt som \u00e4r avsett f\u00f6r den. <br \/>b) Hyrestagaren f\u00e5r k\u00f6ra bilen sj\u00e4lv. Hen f\u00e5r l\u00e4mna \u00f6ver bilen f\u00f6r att k\u00f6ras av n\u00e5gon annan n\u00e4r de kompletterande f\u00f6raruppgifterna f\u00f6rs in i hyresavtalet. Hyrestagaren (f\u00f6raren) m\u00e5ste ha ett giltigt k\u00f6rkort som \u00e4r godtagbart inom EU, vara minst 21 \u00e5r och ha minst 2 \u00e5rs k\u00f6rerfarenhet. <br \/>Hyrestagaren \u00e4r skyldig att ge information om inneh\u00e5llet av detta avtal till personen som hen inom ramarna av avtalet \u00f6verl\u00e4mnar hyresobjektet till.<br \/>c) Det \u00e4r f\u00f6rbjudet att anv\u00e4nda bilen f\u00f6r olagliga \u00e4ndam\u00e5l, bogsering, t\u00e4vlingar eller deras \u00f6vningar, k\u00f6rlektioner och k\u00f6rning utanf\u00f6r officiellt markerade v\u00e4gar.<br \/>d) N\u00e4r uthyrningsf\u00f6retaget l\u00e4mnar \u00f6ver bilen till hyrestagaren \u00e4r det en god id\u00e9 att b\u00e5da parterna kontrollerar bilens yttre skick f\u00f6r att f\u00f6rhindra tvister om tidpunkten f\u00f6r eventuell skada.<br \/>e) F\u00f6raren ska se till att alla passagerare i bilen anv\u00e4nder sina s\u00e4kerhetsb\u00e4lten ordentligt. Missk\u00f6telse kan leda till att f\u00f6rs\u00e4kringsbolaget minskar eller v\u00e4grar ers\u00e4ttning vid eventuell skada 2<\/p>\n<p>[\/et_pb_accordion_item][\/et_pb_accordion][et_pb_text _builder_version=\"4.19.0\" _module_preset=\"default\" global_colors_info=\"{}\"]<\/p>\n<h3>2. Hyrestagarens ansvar vid skada<\/h3>\n<p>[\/et_pb_text][et_pb_accordion closed_toggle_background_color=\"#FFFFFF\" icon_color=\"#AA151B\" use_icon_font_size=\"on\" icon_font_size=\"26px\" _builder_version=\"4.19.0\" _module_preset=\"default\" toggle_text_color=\"#1d1d1b\" custom_margin=\"|-5px||||\" border_width_all=\"4px\" border_color_all=\"#AA151B\" global_colors_info=\"{}\"][et_pb_accordion_item title=\"2.1 Hyresg\u00e4stens grundl\u00e4ggande sj\u00e4lvrisk \u00e4r 500 \u20ac\" open=\"on\" _builder_version=\"4.19.0\" _module_preset=\"default\" global_colors_info=\"{}\"]<\/p>\n<p>Sj\u00e4lvrisken vid en olycka \u00e4r \u20ac600.<\/p>\n<p>Hyrestagaren \u00e4r skyldig upp till den \u00f6vre gr\u00e4nsen av sj\u00e4lvrisken som anges i avtalet:<br \/>a) Att ers\u00e4tta skador p\u00e5 bilen och dess utrustning under hyresperioden.<br \/>b) Att ers\u00e4tta delar och tillbeh\u00f6r som f\u00f6rlorats fr\u00e5n bilen under hyresperioden.<br \/>c) Att betala en standarders\u00e4ttning p\u00e5 30 \u20ac\/dag f\u00f6r stillest\u00e5nd som orsakats av skadan eller den dagliga avgift som anges i avtalet, dock f\u00f6r h\u00f6gst sju dagar.<br \/>Driftstoppet b\u00f6rjar l\u00f6pa fr\u00e5n dagen f\u00f6r skadan. Hyrestagaren \u00e4r dock befriad fr\u00e5n ansvar om det \u00e4r sannolikt att hen inte har handlat v\u00e5rdsl\u00f6st. <br \/>d) Hyrestagaren beh\u00f6ver inte tillhandah\u00e5lla f\u00f6rs\u00e4kring till uthyrningsf\u00f6retaget, men hen \u00e4r skyldig att betala ers\u00e4ttning upp till 600 \u20ac om behov uppst\u00e5r. Ut\u00f6ver dessa kan uthyrningsf\u00f6retaget fakturera de sk\u00e4liga utgifter som uppst\u00e5r f\u00f6r att handl\u00e4gga \u00e4rendet.<\/p>\n<p>[\/et_pb_accordion_item][et_pb_accordion_item title=\"2.2 Hyrestagarens ansvar vid skada\" _builder_version=\"4.19.0\" _module_preset=\"default\" global_colors_info=\"{}\" open=\"off\"]Om skadan som orsakats till bilen eller uthyrningsf\u00f6retaget \u00e4r en f\u00f6ljd av hyresg\u00e4stens avsiktlighet, grov v\u00e5rdsl\u00f6shet, anv\u00e4ndning av bilen p\u00e5verkad av alkohol eller andra berusningsmedel, i brottsligt syfte eller p\u00e5 grund av att hyrestagaren p\u00e5 annat s\u00e4tt v\u00e4sentligt har brutit mot villkoren i detta avtal \u00e4r hyrestagaren skyldig att ers\u00e4tta uthyrningsf\u00f6retaget fullt ut f\u00f6r skadan.[\/et_pb_accordion_item][et_pb_accordion_item title=\"2.3 Befrielse av hyrestagaren fr\u00e5n ers\u00e4ttningsskyldighet\" _builder_version=\"4.19.0\" _module_preset=\"default\" global_colors_info=\"{}\" open=\"off\"]Hyrestagaren \u00e4r befriad fr\u00e5n ers\u00e4ttningsskyldighet gentemot hyresf\u00f6retaget om hyresf\u00f6retaget f\u00e5r full ers\u00e4ttning f\u00f6r skadan utifr\u00e5n f\u00f6rs\u00e4kringen eller fr\u00e5n den som orsakat skadan.[\/et_pb_accordion_item][et_pb_accordion_item title=\"2.4 \u00d6vriga betalningsf\u00f6rpliktelser\" _builder_version=\"4.19.0\" _module_preset=\"default\" global_colors_info=\"{}\" open=\"off\"]Hyresg\u00e4sten \u00e4r skyldig att betala de b\u00f6ter som f\u00f6ljer av anv\u00e4ndning av bilen under hyrestiden, parkerings\u00f6vertr\u00e4delseavgifter med eventuella \u00f6verl\u00e5telsekostnader och \u00f6verlastavgifter samt sk\u00e4liga kostnader som uthyrningsf\u00f6retaget \u00e5dragit sig.[\/et_pb_accordion_item][\/et_pb_accordion][et_pb_accordion closed_toggle_background_color=\"#FFFFFF\" icon_color=\"#AA151B\" use_icon_font_size=\"on\" icon_font_size=\"26px\" _builder_version=\"4.19.0\" _module_preset=\"default\" toggle_text_color=\"#1d1d1b\" border_width_all=\"4px\" border_color_all=\"#AA151B\" global_colors_info=\"{}\"][et_pb_accordion_item title=\"3. Betalning av hyra\" open=\"on\" _builder_version=\"4.19.0\" _module_preset=\"default\" global_colors_info=\"{}\"]a) N\u00e4r hyrestagaren betalar bokningsavgiften \u00e4r fordonet reserverat f\u00f6r hyrestagaren. Vid eventuell avbokning \u00e5terbetalas inte bokningsavgiften till hyrestagaren. Vi rekommenderar att du skaffar en resef\u00f6rs\u00e4kring ifall du t.ex. insjuknar.<br \/>\nb) Ett annat betalningss\u00e4tt f\u00f6r hyran kan avtalas vid hyresstart genom att anteckna det i hyresavtalet. Om den person eller enhet som uppgetts som hyrestagare inte betalar hyran, \u00e4r den person som undertecknat avtalet ansvarig f\u00f6r att betala hyran. [\/et_pb_accordion_item][et_pb_accordion_item title=\"4. Uthyrningsf\u00f6retagets skyldighet\" _builder_version=\"4.19.0\" _module_preset=\"default\" global_colors_info=\"{}\" open=\"off\"]<\/p>\n<p>Uthyrningsf\u00f6retaget ska l\u00e4mna \u00f6ver bilen till hyrestagaren i fungerande skick och i enlighet med lagen p\u00e5 \u00f6verenskommen tid och plats under bilreservationsfasen. Om hyrestagaren inte f\u00e5r bilen enligt reservationen kan hen kr\u00e4va hyresavdrag eller h\u00e4va avtalet. Hyrestagaren kan kr\u00e4va skadest\u00e5nd f\u00f6r skada orsakad av f\u00f6rseningen. L\u00e4mpliga handlingar ska uppvisas f\u00f6r uppkomna skador och kostnader. Uthyrningsf\u00f6retaget ansvarar dock inte f\u00f6r eventuell skada eller indirekt skada orsakad av tredje part.    <\/p>\n<p>[\/et_pb_accordion_item][et_pb_accordion_item title=\"5. Maximalt avst\u00e5nd och v\u00e4gm\u00e4tare\" _builder_version=\"4.19.0\" _module_preset=\"default\" global_colors_info=\"{}\" open=\"off\"]<\/p>\n<p>Man f\u00e5r k\u00f6ra med bilen max 700 km\/vecka. Om hyrestiden \u00e4r l\u00e4ngre \u00e4n en vecka ber\u00e4knas totalbeloppet till max 700 km\/vecka med hj\u00e4lp av en formel. F\u00f6r \u00f6verskjutande kilometrar tas betalt <br \/>0,30 eur\/km. Str\u00e4ckan som k\u00f6rts m\u00e4ts med v\u00e4gm\u00e4taren som ing\u00e5r i varje fordon. Har hyrestagaren skadat v\u00e4gm\u00e4taren, \u00e4r hen skyldig att betala hyran enligt den av hyresbolaget ber\u00e4knade str\u00e4ckan vid \u00e5terl\u00e4mnande <br \/>av bilen, om inte n\u00e5gon av parterna g\u00f6r sannolikt att bilen har k\u00f6rts en l\u00e4ngre eller kortare str\u00e4cka.<\/p>\n<p>[\/et_pb_accordion_item][et_pb_accordion_item title=\"6. Br\u00e4nsle och bilv\u00e5rd\" _builder_version=\"4.19.0\" _module_preset=\"default\" global_colors_info=\"{}\" open=\"off\"]<\/p>\n<p>Hyrestagaren betalar f\u00f6r det br\u00e4nsle hen beh\u00f6ver. Bilen l\u00e4mnas alltid tillbaka till uthyrningsfirman med full tank. Uthyrningsf\u00f6retaget informerar och kvaliteten p\u00e5 br\u00e4nslet som anv\u00e4nds i fordonet antecknas i hyresavtalet.<br \/>Hyrestagaren \u00e4r ansvarig f\u00f6r skador orsakade av anv\u00e4ndning av br\u00e4nsle av felaktig kvalitet. Under hyrestiden \u00e4r hyrestagaren skyldig att ombes\u00f6rja de normala kontrollerna av bilen, s\u00e5som m\u00e4ngden spolarv\u00e4tska och motorolja, samt lufttrycket i d\u00e4cken och annat som p\u00e5verkar den normala anv\u00e4ndningen av bilen. Om uthyraren m\u00e5ste tanka bilen kan den ta ut en tankningsavgift p\u00e5 20 euro och 2,00 euro per liter.<\/p>\n<p>[\/et_pb_accordion_item][et_pb_accordion_item title=\"7. Hyrestagarens agerande vid fel fall, skada och st\u00f6ld\" _builder_version=\"4.19.0\" _module_preset=\"default\" global_colors_info=\"{}\" open=\"off\"]a) Hyrestagaren ska omedelbart anm\u00e4la uthyrningsf\u00f6retaget om fel p\u00e5 bilen eller skada eller st\u00f6ld p\u00e5 bilen. St\u00f6ld ska polisanm\u00e4las omedelbart. D\u00e4refter informerar uthyrningsf\u00f6retaget hyrestagaren om vilka \u00e5tg\u00e4rder som ska vidtas med anledning av h\u00e4ndelsen. Hyrestagaren f\u00e5r dock, utan att meddela uthyrningsf\u00f6retaget, reparera bilen p\u00e5 uthyrningsbolagets bekostnad till ett v\u00e4rde av h\u00f6gst 150 euro, om det \u00e4r n\u00f6dv\u00e4ndigt f\u00f6r resans forts\u00e4ttning. I det h\u00e4r fallet m\u00e5ste hyresg\u00e4sten erh\u00e5lla ett intyg p\u00e5 reparationen och ett individuellt kvitto p\u00e5 gjord betalning fr\u00e5n butiken som reparerat bilen. I dokumenten ska uppgifterna om uthyrningsf\u00f6retaget n\u00e4mnas p\u00e5 ett s\u00e4tt som \u00e4r l\u00e4mpligt f\u00f6r bokf\u00f6ring.<br \/>\nb) Vid trafikolycka \u00e4r hyrestagaren alltid skyldig att utan dr\u00f6jsm\u00e5l anm\u00e4la skadan till uthyrningsf\u00f6retaget. Anm\u00e4lan g\u00f6rs med hj\u00e4lp av skadeanm\u00e4lan som ing\u00e5r i bilen. Om skulden \u00e4r oklar ska hyrestagaren anm\u00e4la om det till polisen. En polisanm\u00e4lan ska alltid g\u00f6ras n\u00e4r det \u00e4r en personskada. Vid djurskador ska hyrestagaren alltid g\u00f6ra en polisanm\u00e4lan och l\u00e4mna in en polisanm\u00e4lan om h\u00e4ndelsen och den gjorda anm\u00e4lan.  [\/et_pb_accordion_item][et_pb_accordion_item title=\"8. Uthyrningsf\u00f6retagets ansvar f\u00f6r bilens fel\" _builder_version=\"4.19.0\" _module_preset=\"default\" global_colors_info=\"{}\" open=\"off\"]Om ett tekniskt fel eller annat fel uppst\u00e5r i bilen under hyrestiden kan hyrestagaren kr\u00e4va r\u00e4ttelse av felet eller neds\u00e4ttning av hyran motsvarande felet. F\u00f6r reparation eller underh\u00e5ll har uthyrningsf\u00f6retaget r\u00e4tt att leverera bilen till verkstaden och \u00e5terl\u00e4mna bilen till hyrestagaren bruk inom samma dag utan separat ers\u00e4ttning. Om felet p\u00e5 grund av bilens skick \u00e4r v\u00e4sentligt kan hyrestagaren kr\u00e4va att hyresavtalet h\u00e4vs. Avtalet kan dock inte h\u00e4vas om uthyrningsf\u00f6retaget levererar ett ers\u00e4ttningsfordon inom m\u00e5ttlig tid. F\u00f6r skada orsakad av fel eller misstag kan hyrestagaren kr\u00e4va skadest\u00e5nd, upp till hyresavtalets belopp. Skador som orsakats tredje part ers\u00e4tts inte.[\/et_pb_accordion_item][et_pb_accordion_item title=\"9. \u00c5terl\u00e4mning av bilen i slutet av hyresperioden enligt kontraktet\" _builder_version=\"4.19.0\" _module_preset=\"default\" global_colors_info=\"{}\" open=\"off\"]a) Bilen ska l\u00e4mnas tillbaka till den \u00f6verenskomna platsen i slutet av hyresperioden. \u00c4ndring av \u00e5terl\u00e4mningstid eller plats m\u00e5ste man komma \u00f6verens om med uthyrningsf\u00f6retaget i god tid. Hyrestiden enligt avtalet upph\u00f6r n\u00e4r bilen har l\u00e4mnats tillbaka till uthyrningsf\u00f6retaget, till en s\u00e4rskilt \u00f6verenskommen plats, eller n\u00e4r uthyrningsf\u00f6retaget har f\u00e5tt besked fr\u00e5n hyresg\u00e4sten om \u00e5terl\u00e4mnande av bilen till en plats godk\u00e4nd av uthyrningsf\u00f6retaget.<br \/>\nb) Om bilen inte har l\u00e4mnats tillbaka vid hyrestidens utg\u00e5ng och f\u00f6rl\u00e4ngning av hyrestiden inte har avtalats med uthyrningsf\u00f6retaget kommer \u00e4rendet att polisanm\u00e4las.<br \/>\nc) Om hyresg\u00e4sten \u00e5sidos\u00e4tter de skyldigheter som anges i punkt a) har hyresf\u00f6retaget r\u00e4tt att ta ut sk\u00e4lig ers\u00e4ttning f\u00f6r de kostnader och ekonomiska f\u00f6rluster som missk\u00f6tseln orsakar hyresf\u00f6retaget.[\/et_pb_accordion_item][et_pb_accordion_item title=\"10. Upps\u00e4gning av kontraktet\" _builder_version=\"4.19.0\" _module_preset=\"default\" global_colors_info=\"{}\" open=\"off\"]Hyresf\u00f6retaget har r\u00e4tt att s\u00e4ga upp detta avtal under hyrestiden, om det visar sig att hyrestagaren v\u00e4sentligt bryter mot avtalsvillkoren eller att hyrestagaren enligt hyresf\u00f6retagets bed\u00f6mning inte kan hantera bilen p\u00e5 r\u00e4tt s\u00e4tt. Om anv\u00e4ndningen av bilen f\u00f6rhindras p\u00e5 grund av skada eller st\u00f6ld, kommer avtalet att s\u00e4gas upp efter att uthyrningsf\u00f6retaget f\u00e5tt en anm\u00e4lan om skadan eller st\u00f6lden. N\u00e4r hyresbolaget s\u00e4ger upp hyresavtalet \u00e4r hyrestagaren skyldig att utan dr\u00f6jsm\u00e5l l\u00e4mna tillbaka bilen till hyresbolaget.  [\/et_pb_accordion_item][et_pb_accordion_item title=\"11. Att ta bilen utanf\u00f6r Spaniens gr\u00e4nser\" _builder_version=\"4.19.0\" _module_preset=\"default\" global_colors_info=\"{}\" open=\"off\"]Att ta bilen utanf\u00f6r Spaniens gr\u00e4nser \u00e4r f\u00f6rbjudet utan skriftligt godk\u00e4nnande fr\u00e5n uthyrningsf\u00f6retaget.<br \/>\nUthyrningsf\u00f6retaget beslutar om eventuellt beviljande av tillst\u00e5nd fr\u00e5n fall till fall efter eget gottfinnande. Hyresbolaget informerar hyresg\u00e4sten om de merkostnader\/f\u00f6rs\u00e4kringsavgifter som ska betalas n\u00e4r tillst\u00e5ndet beviljas. Ytterligare betalningar m\u00e5ste g\u00f6ras innan man tar bilen utanf\u00f6r Spanien.  [\/et_pb_accordion_item][et_pb_accordion_item title=\"12. Tvister ang\u00e5ende kontraktet\" _builder_version=\"4.19.0\" _module_preset=\"default\" global_colors_info=\"{}\" open=\"off\"]Om meningsskiljaktigheterna inte kan l\u00f6sas genom f\u00f6rhandling mellan parterna kan hyresg\u00e4sten h\u00e4nskjuta \u00e4rendet till Konsumentklagon\u00e4mnden. Om meningsskiljaktigheterna f\u00f6rs till domstol f\u00f6r avg\u00f6rande, ska talan v\u00e4ckas vid den allm\u00e4nna underr\u00e4tten p\u00e5 hyresf\u00f6retagets hemort. [\/et_pb_accordion_item][\/et_pb_accordion][et_pb_text _builder_version=\"4.19.0\" _module_preset=\"default\" text_orientation=\"center\" global_colors_info=\"{}\"]<\/p>\n<h3>V\u00e4lkommen till Spanien!<br \/>Ha en sk\u00f6n och trygg semester.<\/h3>\n<p>[\/et_pb_text][\/et_pb_column][\/et_pb_row][\/et_pb_section]<\/p>\n","protected":false},"excerpt":{"rendered":"<p>VillkorTorreauto Nordic S.L. Calle Pablo Picasso 5Urb. Flamenca Village03189 Orihuela Costa (Alicante)SpanienJonna Saarinen Mobile\/Whatsapp. +358 41 366 7222www.torreauto.firent@torreauto.fiALLM\u00c4NNA HYRESVILLKORa) Hyrestagaren \u00e4r skyldig att ta hand om bilen och iaktta s\u00e4rskild f\u00f6rsiktighet och f\u00f6rsiktighet vid k\u00f6rning. Hyrestagaren f\u00f6rbinder sig att anv\u00e4nda bilen endast p\u00e5 det sedvanliga s\u00e4tt som \u00e4r avsett f\u00f6r den. b) Hyrestagaren f\u00e5r k\u00f6ra [&hellip;]<\/p>\n","protected":false},"author":1,"featured_media":0,"parent":0,"menu_order":0,"comment_status":"closed","ping_status":"closed","template":"","meta":{"_et_pb_use_builder":"on","_et_pb_old_content":"","_et_gb_content_width":"","inline_featured_image":false,"footnotes":""},"class_list":["post-286","page","type-page","status-publish","hentry"],"_links":{"self":[{"href":"https:\/\/torreauto.fi\/sv\/wp-json\/wp\/v2\/pages\/286","targetHints":{"allow":["GET"]}}],"collection":[{"href":"https:\/\/torreauto.fi\/sv\/wp-json\/wp\/v2\/pages"}],"about":[{"href":"https:\/\/torreauto.fi\/sv\/wp-json\/wp\/v2\/types\/page"}],"author":[{"embeddable":true,"href":"https:\/\/torreauto.fi\/sv\/wp-json\/wp\/v2\/users\/1"}],"replies":[{"embeddable":true,"href":"https:\/\/torreauto.fi\/sv\/wp-json\/wp\/v2\/comments?post=286"}],"version-history":[{"count":7,"href":"https:\/\/torreauto.fi\/sv\/wp-json\/wp\/v2\/pages\/286\/revisions"}],"predecessor-version":[{"id":620,"href":"https:\/\/torreauto.fi\/sv\/wp-json\/wp\/v2\/pages\/286\/revisions\/620"}],"wp:attachment":[{"href":"https:\/\/torreauto.fi\/sv\/wp-json\/wp\/v2\/media?parent=286"}],"curies":[{"name":"wp","href":"https:\/\/api.w.org\/{rel}","templated":true}]}}